{"id":1760,"date":"2026-01-22T12:34:51","date_gmt":"2026-01-22T12:34:51","guid":{"rendered":"https:\/\/patelstores.eu\/?post_type=product&#038;p=1760"},"modified":"2026-02-13T07:26:45","modified_gmt":"2026-02-13T07:26:45","slug":"estrella-not-mix-sot-salt-175g-2","status":"publish","type":"product","link":"https:\/\/patelstores.eu\/sv\/produkt\/estrella-not-mix-sot-salt-175g-2\/","title":{"rendered":"ESTRELLA N\u00d6T MIX S\u00d6T SALT 175G"},"content":{"rendered":"","protected":false},"excerpt":{"rendered":"<p>Estrella N\u00f6t Mix S\u00f6t Salt 175g \u2013 Sweet and salty roasted nut mix for a satisfying snack.<\/p>","protected":false},"featured_media":3655,"comment_status":"open","ping_status":"closed","template":"","meta":{"_bst_post_transparent":"default","_bst_post_title":"","_bst_post_layout":"default","_bst_post_sidebar_id":"","_bst_post_content_style":"default","_bst_post_vertical_padding":"default","_bst_post_feature":"","_bst_post_feature_position":"","_bst_post_header":false,"_bst_post_footer":false},"product_brand":[],"product_cat":[415],"product_tag":[],"product_brands":[],"class_list":{"0":"post-1760","1":"product","2":"type-product","3":"status-publish","4":"has-post-thumbnail","6":"product_cat-chips","8":"first","9":"instock","10":"taxable","11":"shipping-taxable","12":"purchasable","13":"product-type-simple","14":"entry","15":"content-bg","16":"loop-entry"},"_links":{"self":[{"href":"https:\/\/patelstores.eu\/sv\/wp-json\/wp\/v2\/product\/1760","targetHints":{"allow":["GET"]}}],"collection":[{"href":"https:\/\/patelstores.eu\/sv\/wp-json\/wp\/v2\/product"}],"about":[{"href":"https:\/\/patelstores.eu\/sv\/wp-json\/wp\/v2\/types\/product"}],"replies":[{"embeddable":true,"href":"https:\/\/patelstores.eu\/sv\/wp-json\/wp\/v2\/comments?post=1760"}],"wp:featuredmedia":[{"embeddable":true,"href":"https:\/\/patelstores.eu\/sv\/wp-json\/wp\/v2\/media\/3655"}],"wp:attachment":[{"href":"https:\/\/patelstores.eu\/sv\/wp-json\/wp\/v2\/media?parent=1760"}],"wp:term":[{"taxonomy":"product_brand","embeddable":true,"href":"https:\/\/patelstores.eu\/sv\/wp-json\/wp\/v2\/product_brand?post=1760"},{"taxonomy":"product_cat","embeddable":true,"href":"https:\/\/patelstores.eu\/sv\/wp-json\/wp\/v2\/product_cat?post=1760"},{"taxonomy":"product_tag","embeddable":true,"href":"https:\/\/patelstores.eu\/sv\/wp-json\/wp\/v2\/product_tag?post=1760"},{"taxonomy":"product_brands","embeddable":true,"href":"https:\/\/patelstores.eu\/sv\/wp-json\/wp\/v2\/product_brands?post=1760"}],"curies":[{"name":"wp","href":"https:\/\/api.w.org\/{rel}","templated":true}]}}