{"id":934,"date":"2026-01-03T06:48:31","date_gmt":"2026-01-03T06:48:31","guid":{"rendered":"https:\/\/patelstores.eu\/?post_type=product&#038;p=934"},"modified":"2026-01-13T05:10:19","modified_gmt":"2026-01-13T05:10:19","slug":"estrella-lindbagar-jordnotssmor","status":"publish","type":"product","link":"https:\/\/patelstores.eu\/sv\/produkt\/estrella-lindbagar-jordnotssmor\/","title":{"rendered":"ESTRELLA LINDB\u00c5GAR JORDN\u00d6TSSM\u00d6R"},"content":{"rendered":"","protected":false},"excerpt":{"rendered":"<p>Crunchy corn snacks with rich peanut butter flavor. Delicious and fun to snack on.<\/p>","protected":false},"featured_media":1187,"comment_status":"open","ping_status":"closed","template":"","meta":{"_bst_post_transparent":"default","_bst_post_title":"","_bst_post_layout":"default","_bst_post_sidebar_id":"","_bst_post_content_style":"default","_bst_post_vertical_padding":"default","_bst_post_feature":"","_bst_post_feature_position":"","_bst_post_header":false,"_bst_post_footer":false},"product_brand":[164],"product_cat":[161,108],"product_tag":[],"product_brands":[],"class_list":{"0":"post-934","1":"product","2":"type-product","3":"status-publish","4":"has-post-thumbnail","6":"product_brand-estrella","7":"product_cat-chips-snacks","8":"product_cat-snacks","10":"first","11":"instock","12":"taxable","13":"shipping-taxable","14":"purchasable","15":"product-type-simple","16":"entry","17":"content-bg","18":"loop-entry"},"_links":{"self":[{"href":"https:\/\/patelstores.eu\/sv\/wp-json\/wp\/v2\/product\/934","targetHints":{"allow":["GET"]}}],"collection":[{"href":"https:\/\/patelstores.eu\/sv\/wp-json\/wp\/v2\/product"}],"about":[{"href":"https:\/\/patelstores.eu\/sv\/wp-json\/wp\/v2\/types\/product"}],"replies":[{"embeddable":true,"href":"https:\/\/patelstores.eu\/sv\/wp-json\/wp\/v2\/comments?post=934"}],"wp:featuredmedia":[{"embeddable":true,"href":"https:\/\/patelstores.eu\/sv\/wp-json\/wp\/v2\/media\/1187"}],"wp:attachment":[{"href":"https:\/\/patelstores.eu\/sv\/wp-json\/wp\/v2\/media?parent=934"}],"wp:term":[{"taxonomy":"product_brand","embeddable":true,"href":"https:\/\/patelstores.eu\/sv\/wp-json\/wp\/v2\/product_brand?post=934"},{"taxonomy":"product_cat","embeddable":true,"href":"https:\/\/patelstores.eu\/sv\/wp-json\/wp\/v2\/product_cat?post=934"},{"taxonomy":"product_tag","embeddable":true,"href":"https:\/\/patelstores.eu\/sv\/wp-json\/wp\/v2\/product_tag?post=934"},{"taxonomy":"product_brands","embeddable":true,"href":"https:\/\/patelstores.eu\/sv\/wp-json\/wp\/v2\/product_brands?post=934"}],"curies":[{"name":"wp","href":"https:\/\/api.w.org\/{rel}","templated":true}]}}